{"id":7,"date":"2019-02-14T22:46:49","date_gmt":"2019-02-14T22:46:49","guid":{"rendered":"http:\/\/jazz-aus-berlin.de\/?page_id=7"},"modified":"2019-09-29T20:15:09","modified_gmt":"2019-09-29T20:15:09","slug":"one-page-express-pro","status":"publish","type":"page","link":"http:\/\/jazz-aus-berlin.de\/","title":{"rendered":"Front Page"},"content":{"rendered":"<div  data-label=\"Features\" data-id=\"features-image-cards-section\" data-category=\"features\" class=\"features-image-cards-section\" style=\"background-color: rgb(232, 232, 232); background-image: none; background-size: cover; background-position: center top;\" id=\"features-2\" data-ovid=\"ovid-features-2-242\">\n<div  class=\"\">\n<div  class=\"features-image-cards-textrow\">\n<div  class=\"features-image-cards-textcol dynamic-color\" data-type=\"column\">\n<h1  class=\"\">Jazz aus Berlin<\/h1>\n<h4  class=\"\">Exklusive Livemusik f\u00fcr Ihre Feier oder Veranstaltung<\/h4>\n<\/div>\n<\/div>\n<div  class=\"features-image-cards-innerrow flexbox-list dark-text\" data-type=\"row\">\n<div  class=\"features-image-cards-cardcol cp4cols cp6cols-tablet\">\n<div  class=\"features-image-cards-cardrow\"><img decoding=\"async\"  class=\"features-image-cards-featimg\" src=\"http:\/\/jazz-aus-berlin.de\/wp-content\/uploads\/2019\/09\/DSC01077-Kopie-e1569788049858.jpg\"><\/p>\n<div  class=\"features-image-cards-cardtextrow\" data-type=\"column\">\n<h2  class=\"\"><span  style=\"font-weight: 500; font-family: Aclonica, arial, helvetica, sans-serif;\">Nat`s Corner<\/span><span  id=\"_mce_caret\" data-mce-bogus=\"1\" data-mce-type=\"format-caret\"><span  style=\"font-weight: 500; font-family: Aclonica, arial, helvetica, sans-serif;\">\ufeff<\/span><\/span><\/h2>\n<h4  class=\"\">The Music of&nbsp; Nat \u201eKing\u201c Cole<\/h4>\n<p  class=\"\"><span  style=\"font-weight: 400; color: rgb(0, 0, 0);\">\u201eNat`s Corner\u201c lassen den Swing und Jazz der Golden \u00c4ra zu neuen Ehren kommen.<\/span><br \/>\n<span  style=\"font-weight: 400; color: rgb(0, 0, 0);\"><br \/>\nWie beim gro\u00dfen Vorbild dem Nat King Cole Trio der 30er und 40er Jahre besteht die schlagzeuglose Besetzung aus Piano, Gitarre und Kontrabass und auch bei die Arrangements sind von den Originalen und von George Shearing inspiriert.<\/span><\/p>\n<p><a  class=\"button big color6 white-text\" href=\"http:\/\/nats-corner.de\" target=\"_blank\" data-icon=\"fa-external-link\" rel=\"noopener noreferrer\"><span  class=\"button-icon fa fa-external-link\"><\/span>www.Nats-Corner.de<\/a><\/p>\n<\/div>\n<\/div>\n<\/div>\n<div  class=\"features-image-cards-cardcol cp4cols cp6cols-tablet\">\n<div  class=\"features-image-cards-cardrow\"><img decoding=\"async\"  class=\"features-image-cards-featimg\" src=\"http:\/\/jazz-aus-berlin.de\/wp-content\/uploads\/2019\/02\/ensemble-2-0996.jpg\"><\/p>\n<div  class=\"features-image-cards-cardtextrow\" data-type=\"column\">\n<h2  class=\"\"><span  style=\"font-weight: 600; font-family: &quot;times new roman&quot;, times, serif;\"><span  id=\"_mce_caret\" data-mce-bogus=\"1\" data-mce-type=\"format-caret\"><span  style=\"font-family: Aclonica, arial, helvetica, sans-serif;\">\ufeff<\/span><\/span>STAND-ARTS<\/span><\/h2>\n<h4  class=\"\">Fine Jazz &amp; Swing &amp; More since 2002<\/h4>\n<p  class=\"\"><span  style=\"font-weight: 400; color: rgb(0, 0, 0);\">STAND-ARTS sind die perfekte Band f\u00fcr die dezente und stilvolle musikalische Untermalung ihrer gro\u00dfen und wichtigen Tage, wie Hochzeiten, Jubil\u00e4en, Familienfeiern, Firmenpr\u00e4sentationen, Galaveranstaltungen, Gesch\u00e4ftsessen, Preisverleihungen und anderer besonderer Events.<\/span><\/p>\n<p>  <a  class=\"button big color6 white-text\" href=\"http:\/\/www.Jazzband-Berlin.org\" target=\"_blank\" data-icon=\"fa-external-link\" rel=\"noopener noreferrer\"><span  class=\"button-icon fa fa-external-link\"><\/span>www.STAND-ARTS.de<\/a><\/p>\n<\/div>\n<\/div>\n<\/div>\n<div  class=\"features-image-cards-cardcol cp4cols cp6cols-tablet\">\n<div  class=\"features-image-cards-cardrow\"><img decoding=\"async\"  class=\"features-image-cards-featimg\" src=\"http:\/\/jazz-aus-berlin.de\/wp-content\/uploads\/2019\/02\/Jazztrio-Berlin.jpg\"><\/p>\n<div  class=\"features-image-cards-cardtextrow\" data-type=\"column\">\n<h2  class=\"\"><span  style=\"font-family: &quot;Playfair Display&quot;, arial, helvetica, sans-serif; font-weight: 400;\">JazzTrio-Berlin<\/span><\/h2>\n<h4  class=\"\">Saxophon \u2013 Gitarre &amp; Kontrabass<\/h4>\n<p  class=\"\"><span  style=\"font-weight: 400; color: rgb(0, 0, 0);\">STAND-ARTS JazzTrio \u2013 Ihre musikalischen Begleitung f\u00fcr private und gesch\u00e4ftliche Feiern. Der stilvolle musikalische Rahmen zu jedem Anlass \u2013 ob Hochzeit, Geburtstag, Messeauftritt, Betriebsfeier, Gala, Dinerbegleitungm Jubil\u00e4um oder ein JazzKonzert bei Ihnen zu Hause.<\/span><\/p>\n<p>  <a  class=\"button big color6 white-text\" href=\"http:\/\/www.Jazztrio-Berlin.de\" target=\"_blank\" data-icon=\"fa-external-link\" rel=\"noopener noreferrer\"><span  class=\"button-icon fa fa-external-link\"><\/span>www.JazzTrio-Berlin.de<\/a><\/p>\n<\/div>\n<\/div>\n<\/div>\n<\/div>\n<\/div>\n<\/div>\n<div  data-label=\"Overlapable\" data-id=\"stripped-features-image-cards-section\" data-category=\"overlapable\" data-=\"\" class=\"features-image-cards-section stripped-features-image-cards-section\" data-overlap=\"true\" id=\"overlapable-3\" style=\"background-color: rgb(255, 255, 255);\">\n<div  class=\"\">\n<div  class=\"features-image-cards-innerrow flexbox-list\" data-type=\"row\">\n<div  class=\"features-image-cards-cardcol cp4cols cp6cols-tablet\">\n<div  class=\"features-image-cards-cardrow\"><img decoding=\"async\"  class=\"features-image-cards-featimg\" src=\"http:\/\/jazz-aus-berlin.de\/wp-content\/uploads\/2019\/08\/Session-2019-Malika-1.jpg\"><\/p>\n<div  class=\"features-image-cards-cardtextrow\" data-type=\"column\">\n<h3  class=\"\"><span  id=\"_mce_caret\" data-mce-bogus=\"1\" data-mce-type=\"format-caret\"><span  style=\"font-weight: 300;\">\ufeffJazzAgoGo<\/span><\/span><\/h3>\n<h5  class=\"\">Voice &amp; Guitar<\/h5>\n<p  class=\"\"><span  style=\"font-weight: 400; color: rgb(0, 0, 0);\">Entdecken auch Sie die musikalische Welt des VocalJazzDuo.<\/span><br \/>\n<span  style=\"font-weight: 400; color: rgb(0, 0, 0);\"><br \/>\nEine ganz unverwechselbar sch\u00f6ne Stimme gekonnt begleitet von einer mal dezent und mal swingend gespielten Gitarre.<\/span><br \/>\n<span  style=\"font-weight: 400; color: rgb(0, 0, 0);\"><br \/>\nMusik zwischen der Leichtigkeit des Bossa Novas und der Tiefe gro\u00dfer Balladen, zwischen den gro\u00dfen Melodien Hollywoods und des Broadways bis zu den Klassikern aus Soul und Pop.<\/span><br \/>\n<a  class=\"button big force-shadow color6 white-text\" href=\"http:\/\/www.jazzduo-berlin.de\/JazzDuo\/VocalJazzDuo.html\" target=\"_blank\" data-icon=\"fa-external-link\" rel=\"noopener noreferrer\"><span  class=\"button-icon fa fa-external-link\"><\/span>www.JazzAgoGo.de<\/a><\/p>\n<\/div>\n<\/div>\n<\/div>\n<div  class=\"features-image-cards-cardcol cp4cols cp6cols-tablet\">\n<div  class=\"features-image-cards-cardrow\"><img decoding=\"async\"  class=\"features-image-cards-featimg\" src=\"http:\/\/jazz-aus-berlin.de\/wp-content\/uploads\/2019\/08\/gruppenfotos-9266-Kopie.jpg\"><\/p>\n<div  class=\"features-image-cards-cardtextrow\" data-type=\"column\">\n<h2  class=\"\">Two of Five<\/h2>\n<h5  class=\"\">Saxophone &amp; Guitar<\/h5>\n<p  class=\"\"><span  id=\"_mce_caret\" data-mce-bogus=\"1\" data-mce-type=\"format-caret\"><span  style=\"color: rgb(0, 0, 0); font-weight: 400;\">\ufeff&nbsp;Das Repertoire des Two of Five besteht aus Jazz-, Swing-, Blues-, und Bossa Nova-Standards sowie aus Bearbeitungen von modernen Popsongs und \u201eklassischen\u201c Musikst\u00fccken.Der dezente musikalische Rahmen Ihrer besonderen Anlasses wie einer Vernissage, eines Empfanges, eines stilvollen Abendessens eines Meetings oder dem besonderen Wohnzimmerkonzert.<br \/>\n<\/span><\/span><\/p>\n<p><a  class=\"button big force-shadow color6 white-text\" href=\"http:\/\/www.jazzduo-berlin.de\/JazzDuo\/Two_of_Five.html\" target=\"_blank\" data-icon=\"fa-external-link\" rel=\"noopener noreferrer\"><span  class=\"button-icon fa fa-external-link\"><\/span>www.Two-of-Five.de<\/a><\/p>\n<\/div>\n<\/div>\n<\/div>\n<div  class=\"features-image-cards-cardcol cp4cols cp6cols-tablet\">\n<div  class=\"features-image-cards-cardrow\"><img decoding=\"async\"  class=\"features-image-cards-featimg\" src=\"http:\/\/jazz-aus-berlin.de\/wp-content\/uploads\/2019\/09\/aaklein-e1569594522597.jpg\"><\/p>\n<div  class=\"features-image-cards-cardtextrow\" data-type=\"column\">\n<h3  class=\"\"><span  id=\"_mce_caret\" data-mce-bogus=\"1\" data-mce-type=\"format-caret\"><span  style=\"font-weight: 300; color: rgb(0, 0, 0);\">\ufeffTenSwingingStrings<\/span><\/span><\/h3>\n<h4  class=\"\">Guitar &amp; Bass<\/h4>\n<p  class=\"\"><span  id=\"_mce_caret\" data-mce-bogus=\"1\" data-mce-type=\"format-caret\"><span  style=\"font-weight: 400; color: rgb(0, 0, 0);\">\ufeff<\/span><\/span><span  style=\"font-weight: 400; color: rgb(0, 0, 0);\">Die Kombination aus Gitarre und Kontrabass (beide Instrumente zusammen verf\u00fcgen \u00fcber zehn Saiten) erlaubt eine Vielzahl an musikalischen M\u00f6glichkeiten und Klangfarben.<\/span><br \/>\n<span  style=\"font-weight: 400; color: rgb(0, 0, 0);\"><br \/>\nTen Swinging Strings spielen handgemachten Swing und Jazz und werden auch ihre Feier oder Veranstaltung f\u00fcr Sie und Ihre G\u00e4ste zu einem unvergesslichen Erlebnis machen.<\/span><\/p>\n<p><a  class=\"button big force-shadow color6 white-text\" href=\"http:\/\/www.jazzduo-berlin.de\/JazzDuo\/TenSwingingStrings.html\" target=\"_blank\" data-icon=\"fa-external-link\" rel=\"noopener noreferrer\"><span  class=\"button-icon fa fa-external-link\"><\/span>www.TenSwingingStrings.de<\/a><\/p>\n<\/div>\n<\/div>\n<\/div>\n<\/div>\n<\/div>\n<\/div>\n<div  data-label=\"Subscribe\" data-id=\"subscribe-2cols-section\" data-category=\"subscribe\" class=\"subscribe-2cols-section\" id=\"subscribe-1\" data-ovid=\"ovid-subscribe-1-210\" style=\"background-image: none; background-color: rgb(114, 0, 30);\">\n<div  class=\"dynamic-color gridContainer\">\n<div  class=\"row flexbox-list flexbox-list-align-center white-text\" data-type=\"column\">\n<div  class=\"subscribe-2cols-section-left\" data-type=\"column\">\n<h3  class=\"subscribe-2cols-section-left-text\">Info@Jazz-aus-Berlin.de<\/h3>\n<h3  class=\"\">Tel. 030 332 1999<\/p>\n<p>Mobil 0160 979 07 104<\/h3>\n<\/div>\n<div  class=\"subscribe-2cols-section-right\" data-content-shortcode=\"one_page_express_subscribe_form shortcode=&quot;Tel. 030 332 1999 Mobil 0160 979 07 104 &quot;\" data-editable=\"true\">[one_page_express_subscribe_form shortcode=&#8220;Tel. 030 332 1999 Mobil 0160 979 07 104 &#8222;]<\/div>\n<p><script  type=\"text\/javascript\" src=\"https:\/\/www.whomania.com\/count\/2f2v\"><\/script><br \/>\n<a  href=\"http:\/\/www.wgglobal.de\/warensicherung.html\" class=\"\">Warensicherung<\/a> <script  type=\"text\/javascript\" src=\"https:\/\/www.whomania.com\/ctr?id=c8436bc4f7858aa79d8e4dd2fa91e2ded97e9387\"><\/script><\/p>\n<\/div>\n<\/div>\n<\/div>\n","protected":false},"excerpt":{"rendered":"<p>Jazz aus Berlin Exklusive Livemusik f\u00fcr Ihre Feier oder Veranstaltung Nat`s Corner\ufeff The Music of&nbsp; Nat \u201eKing\u201c Cole \u201eNat`s Corner\u201c lassen den Swing und Jazz der Golden \u00c4ra zu neuen Ehren kommen. Wie beim gro\u00dfen Vorbild dem Nat King Cole Trio der 30er und 40er Jahre besteht die schlagzeuglose Besetzung aus Piano, Gitarre und Kontrabass [&hellip;]<\/p>\n","protected":false},"author":1,"featured_media":0,"parent":0,"menu_order":0,"comment_status":"closed","ping_status":"closed","template":"full-width-page.php","meta":{"footnotes":""},"class_list":["post-7","page","type-page","status-publish","hentry","post"],"aioseo_notices":[],"_links":{"self":[{"href":"http:\/\/jazz-aus-berlin.de\/index.php?rest_route=\/wp\/v2\/pages\/7","targetHints":{"allow":["GET"]}}],"collection":[{"href":"http:\/\/jazz-aus-berlin.de\/index.php?rest_route=\/wp\/v2\/pages"}],"about":[{"href":"http:\/\/jazz-aus-berlin.de\/index.php?rest_route=\/wp\/v2\/types\/page"}],"author":[{"embeddable":true,"href":"http:\/\/jazz-aus-berlin.de\/index.php?rest_route=\/wp\/v2\/users\/1"}],"replies":[{"embeddable":true,"href":"http:\/\/jazz-aus-berlin.de\/index.php?rest_route=%2Fwp%2Fv2%2Fcomments&post=7"}],"version-history":[{"count":14,"href":"http:\/\/jazz-aus-berlin.de\/index.php?rest_route=\/wp\/v2\/pages\/7\/revisions"}],"predecessor-version":[{"id":121,"href":"http:\/\/jazz-aus-berlin.de\/index.php?rest_route=\/wp\/v2\/pages\/7\/revisions\/121"}],"wp:attachment":[{"href":"http:\/\/jazz-aus-berlin.de\/index.php?rest_route=%2Fwp%2Fv2%2Fmedia&parent=7"}],"curies":[{"name":"wp","href":"https:\/\/api.w.org\/{rel}","templated":true}]}}